{"id":1452,"date":"2013-10-16T12:05:38","date_gmt":"2013-10-16T12:05:38","guid":{"rendered":"http:\/\/demo.qodeinteractive.com\/elision\/?page_id=1452"},"modified":"2015-04-12T20:58:49","modified_gmt":"2015-04-12T20:58:49","slug":"atendimento","status":"publish","type":"page","link":"http:\/\/jeffersom.com.br\/v21\/atendimento\/","title":{"rendered":"Atendimento"},"content":{"rendered":"<div  class=\"wpb_row vc_row-fluid\" style=\"text-align:left;\">\n\t<div class=\"vc_span6 wpb_column column_container\">\n\t\t<div class=\"wpb_wrapper\">\n\t\t\t\n\t<div class=\"wpb_text_column wpb_content_element \">\n\t\t<div class=\"wpb_wrapper\">\n\t\t\t<h4>Localiza\u00e7\u00e3o<\/h4>\n\n\t\t<\/div> \n\t<\/div> <div class=\"separator  transparent   \" style=\"margin-top:0px;margin-bottom:15px;\"><\/div>\n\n\t<div class=\"wpb_text_column wpb_content_element \">\n\t\t<div class=\"wpb_wrapper\">\n\t\t\t<p>Tv. Dom Romualdo Coelho, 15 &#8211; Umarizal &#8211; Bel\u00e9m &#8211; Par\u00e1 &#8211; Brasil<\/p>\n<p><span data-reactid=\".gu.0.0\">Fone: (91) 3224-7641 | 99988-8033<br \/>\n<\/span><\/p>\n\n\t\t<\/div> \n\t<\/div> <div class=\"separator  transparent   \" style=\"margin-top:0px;margin-bottom:25px;\"><\/div>\n\n\t<div class=\"wpb_text_column wpb_content_element \">\n\t\t<div class=\"wpb_wrapper\">\n\t\t\t<p>E-mail: jeffersom@jeffersom.com.br<\/p>\n<p><strong>\u00a0<\/strong><\/p>\n\n\t\t<\/div> \n\t<\/div> \n\t\t<\/div> \n\t<\/div> \n\n\t<div class=\"vc_span6 wpb_column column_container\">\n\t\t<div class=\"wpb_wrapper\">\n\t\t\t<div class=\"wpcf7\" id=\"wpcf7-f7387-o1\" lang=\"pt-BR\" dir=\"ltr\">\n<div class=\"screen-reader-response\"><\/div>\n<form name=\"\" action=\"\/v21\/wp-json\/wp\/v2\/pages\/1452#wpcf7-f7387-o1\" method=\"post\" class=\"wpcf7-form\" novalidate=\"novalidate\">\n<div style=\"display: none;\">\n<input type=\"hidden\" name=\"_wpcf7\" value=\"7387\" \/>\n<input type=\"hidden\" name=\"_wpcf7_version\" value=\"4.1.1\" \/>\n<input type=\"hidden\" name=\"_wpcf7_locale\" value=\"pt_BR\" \/>\n<input type=\"hidden\" name=\"_wpcf7_unit_tag\" value=\"wpcf7-f7387-o1\" \/>\n<input type=\"hidden\" name=\"_wpnonce\" value=\"94e9c33a23\" \/>\n<\/div>\n<div class=\"column one-third\"><label>Nome:<\/label><span class=\"wpcf7-form-control-wrap your-name\"><input type=\"text\" name=\"your-name\" value=\"\" size=\"40\" class=\"wpcf7-form-control wpcf7-text wpcf7-validates-as-required\" aria-required=\"true\" aria-invalid=\"false\" \/><\/span><\/div>\n<div class=\"column one-third\"><label>E-mail:<\/label><span class=\"wpcf7-form-control-wrap your-email\"><input type=\"email\" name=\"your-email\" value=\"\" size=\"40\" class=\"wpcf7-form-control wpcf7-text wpcf7-email wpcf7-validates-as-required wpcf7-validates-as-email\" aria-required=\"true\" aria-invalid=\"false\" \/><\/span><\/div>\n<div class=\"column one-third\"><label>Assunto:<\/label><span class=\"wpcf7-form-control-wrap your-subject\"><input type=\"text\" name=\"your-subject\" value=\"\" size=\"40\" class=\"wpcf7-form-control wpcf7-text\" aria-invalid=\"false\" \/><\/span><\/div>\n<div class=\"column one\"><label>Mensagem:<\/label><span class=\"wpcf7-form-control-wrap your-message\"><textarea name=\"your-message\" cols=\"40\" rows=\"10\" class=\"wpcf7-form-control wpcf7-textarea\" aria-invalid=\"false\"><\/textarea><\/span><\/div>\n<div class=\"column one\"><input type=\"submit\" value=\"ENVIAR\" class=\"wpcf7-form-control wpcf7-submit\" \/><\/div>\n<div class=\"wpcf7-response-output wpcf7-display-none\"><\/div><\/form><\/div>\n\t\t<\/div> \n\t<\/div> \n<\/div>\n","protected":false},"excerpt":{"rendered":"Localiza\u00e7\u00e3o Tv. Dom Romualdo Coelho, 15 - Umarizal - Bel\u00e9m - Par\u00e1 - Brasil Fone: (91) 3224-7641 | 99988-8033 E-mail: jeffersom@jeffersom.com.br \u00a0 Nome: E-mail: Assunto: Mensagem:","protected":false},"author":1,"featured_media":0,"parent":0,"menu_order":0,"comment_status":"open","ping_status":"open","template":"","meta":{"footnotes":""},"class_list":["post-1452","page","type-page","status-publish","hentry"],"_links":{"self":[{"href":"http:\/\/jeffersom.com.br\/v21\/wp-json\/wp\/v2\/pages\/1452","targetHints":{"allow":["GET"]}}],"collection":[{"href":"http:\/\/jeffersom.com.br\/v21\/wp-json\/wp\/v2\/pages"}],"about":[{"href":"http:\/\/jeffersom.com.br\/v21\/wp-json\/wp\/v2\/types\/page"}],"author":[{"embeddable":true,"href":"http:\/\/jeffersom.com.br\/v21\/wp-json\/wp\/v2\/users\/1"}],"replies":[{"embeddable":true,"href":"http:\/\/jeffersom.com.br\/v21\/wp-json\/wp\/v2\/comments?post=1452"}],"version-history":[{"count":5,"href":"http:\/\/jeffersom.com.br\/v21\/wp-json\/wp\/v2\/pages\/1452\/revisions"}],"predecessor-version":[{"id":7390,"href":"http:\/\/jeffersom.com.br\/v21\/wp-json\/wp\/v2\/pages\/1452\/revisions\/7390"}],"wp:attachment":[{"href":"http:\/\/jeffersom.com.br\/v21\/wp-json\/wp\/v2\/media?parent=1452"}],"curies":[{"name":"wp","href":"https:\/\/api.w.org\/{rel}","templated":true}]}}