{"id":5317,"date":"2013-11-26T15:43:10","date_gmt":"2013-11-26T15:43:10","guid":{"rendered":"http:\/\/demo.qodeinteractive.com\/elision\/?page_id=5317"},"modified":"2015-04-12T22:34:55","modified_gmt":"2015-04-12T22:34:55","slug":"lista-video-informatica","status":"publish","type":"page","link":"http:\/\/jeffersom.com.br\/v21\/lista-video-informatica\/","title":{"rendered":"V\u00eddeo e Inform\u00e1tica"},"content":{"rendered":"<div  class=\"wpb_row vc_row-fluid\" style=\"text-align:left;\"><section class=\"section  grid_section\"><div class=\"section_inner clearfix\"><div class='section_inner_margin clearfix'>\n\t<div class=\"vc_span3 wpb_column column_container\">\n\t\t<div class=\"wpb_wrapper\">\n\t\t\t<span class=\"fa-stack q_font_awsome_icon_stack fa-5x pull-center q_icon_animation\" style=\" \"><i class=\"fa fa-circle fa-stack-base fa-stack-2x\" style=\"\"><\/i><i class=\"fa fa-video-camera fa-stack-1x\" style=\"\"><\/i><\/span>\n\t<div class=\"wpb_text_column wpb_content_element \">\n\t\t<div class=\"wpb_wrapper\">\n\t\t\t<h3 style=\"text-align: center;\">Rela\u00e7\u00e3o de equipamentos de<\/h3>\n<h3 style=\"text-align: center;\">V\u00eddeo e Inform\u00e1tica<\/h3>\n\n\t\t<\/div> \n\t<\/div> \n\t\t<\/div> \n\t<\/div> \n\n\t<div class=\"vc_span9 wpb_column column_container\">\n\t\t<div class=\"wpb_wrapper\">\n\t\t\t\n\t<div class=\"wpb_raw_code wpb_content_element wpb_raw_html\">\n\t\t<div class=\"wpb_wrapper\">\n\t\t\t\n<head>\n<style>\n<!--\n p.MsoNormal\n\t{mso-style-parent:\"\";\n\tmargin-bottom:.0001pt;\n\tfont-size:12.0pt;\n\tfont-family:\"Times New Roman\";\n\tmargin-left:0cm; margin-right:0cm; margin-top:0cm}\n-->\n<\/style>\n<\/head>\n\n<p class=\"MsoNormal\"><b>PROJETORES, PAINEL DE LED, TELAS E ACESSORIOS.<\/b>&nbsp;<\/p>\n<p class=\"MsoNormal\">60 placas medindo 0,75mts x 0,75 mts de painel de Led de \n7mm In Door. <\/p>\n<p class=\"MsoNormal\">80 placas de 0,50mts x 0,50mts para pista de v\u00eddeo led \n37,5mm (pista de 4mts x 5mts)<\/p>\n<p class=\"MsoNormal\">02 projetores Epson Z8250NL&nbsp; de 10.000 ansi lumes com lente \nstandart.<\/p>\n<p class=\"MsoNormal\">04 projetores Panasonic PT-EX-600U de 6000 ansi lumes com \nlente standart<\/p>\n<p class=\"MsoNormal\">04 projetores Panasonic PT- VX 500 de 5000 ansi lumes<\/p>\n<p class=\"MsoNormal\">04 projetores Panasonic PT- LB 80 de 3200 ansi lumes<\/p>\n<p class=\"MsoNormal\">02 projetores Nec M 300 X de 3.000 ansi lumes com lente \npara proje\u00e7\u00e3o perto alcance.<\/p>\n<p class=\"MsoNormal\">Telas de frente e de retroproje\u00e7\u00e3o de 84 a 200 polegadas<\/p>\n<p class=\"MsoNormal\">Suportes e trip\u00e9s para telas e projetores em geral.&nbsp;<\/p>\n<p class=\"MsoNormal\"><b>MESAS&nbsp; E SWICHERS <\/b>&nbsp;<\/p>\n<p class=\"MsoNormal\"><span lang=\"EN-US\">01 switcher v\u00eddeo Kramer 725 xl com HDMI<\/span><\/p>\n<p class=\"MsoNormal\"><span lang=\"EN-US\">01 switcher v\u00eddeo Kramer 725 sd.<\/span><\/p>\n<p class=\"MsoNormal\">01 switcher v\u00eddeo Kramer 727 sd.<\/p>\n<p class=\"MsoNormal\">01 processador de v\u00eddeo FULL HD com entrada SDI marca VDWLL \nmoelo LVP 603S <\/p>\n<p class=\"MsoNormal\">01 processador de v\u00eddeo FULL HD com entrada SDI marca VDWLL \nmoelo LVP 601. <\/p>\n<p class=\"MsoNormal\">01 mixer de v\u00eddeo Roland edirol v-4<\/p>\n<p class=\"MsoNormal\">04 distribuidor de v\u00eddeo kramer Vm- 10 arii \u2013 10 canais \ncomposto bnc.<\/p>\n<p class=\"MsoNormal\">01 distribuidor vga KRAMER VP- 5XL. <\/p>\n<p class=\"MsoNormal\">01 distribuidor vga KRAMER VP- 4XL. <\/p>\n<p class=\"MsoNormal\"><span lang=\"EN-US\">02 scan converter KREAMER VP 502-XL.<\/span><\/p>\n<p class=\"MsoNormal\">03 distribuidor de v\u00eddeo vga 8 portas 350mhz<\/p>\n<p class=\"MsoNormal\">01 extensor hdmi rj45<\/p>\n<p class=\"MsoNormal\">02 extensor vga rj 45<b>&nbsp;<\/b><\/p>\n<p class=\"MsoNormal\"><b>DVD TV FILMADORA PLASMA E NOTEBOOK<\/b><\/p>\n<p class=\"MsoNormal\">11 tvs de plasma CCE de 42 polegadas<\/p>\n<p class=\"MsoNormal\">04 tvs de plasma LG de 50 polegadas.<\/p>\n<p class=\"MsoNormal\">05 monitores de plasma LG de 42 polegadas<\/p>\n<p class=\"MsoNormal\">02 tvs monitor de plasma de 15 polegadas para preview<\/p>\n<p class=\"MsoNormal\">12 notebock <\/p>\n<p class=\"MsoNormal\">02 blue ray sony<\/p>\n<p class=\"MsoNormal\">04 apresentador sem fio targus<\/p>\n<p class=\"MsoNormal\">01 multifucional brother laser monocromaticas<\/p>\n<p class=\"MsoNormal\">05 impressoras a laser monocrom\u00e1ticas<\/p>\n<p class=\"MsoNormal\">05 multifuncionais coloridas a jato de tinta<\/p>\n<p class=\"MsoNormal\">02 filmadora Sony HVR - HD 1000.<\/p>\n<p class=\"MsoNormal\">03 filmadora Sony&nbsp; DCR \u2013 SR 87.com 80gb.<\/p>\n<p class=\"MsoNormal\">03 tripes manfroto<\/p>\n<p class=\"MsoNormal\">03 kits de iluminador com tripe<\/p>\n<span style=\"font-size: 12.0pt; font-family: Times New Roman\">03 iluminador de \nled .<\/span>\n\t\t<\/div> \n\t<\/div> \n\t\t<\/div> \n\t<\/div> \n<\/div><\/div><\/section><\/div>\n","protected":false},"excerpt":{"rendered":"Rela\u00e7\u00e3o de equipamentos de V\u00eddeo e Inform\u00e1tica PROJETORES, PAINEL DE LED, TELAS E ACESSORIOS.&nbsp; 60 placas medindo 0,75mts x 0,75 mts de painel de Led de 7mm In Door. 80 placas de 0,50mts x 0,50mts para pista de v\u00eddeo led 37,5mm (pista de 4mts x...","protected":false},"author":1,"featured_media":0,"parent":0,"menu_order":0,"comment_status":"open","ping_status":"open","template":"full_width.php","meta":{"footnotes":""},"class_list":["post-5317","page","type-page","status-publish","hentry"],"_links":{"self":[{"href":"http:\/\/jeffersom.com.br\/v21\/wp-json\/wp\/v2\/pages\/5317","targetHints":{"allow":["GET"]}}],"collection":[{"href":"http:\/\/jeffersom.com.br\/v21\/wp-json\/wp\/v2\/pages"}],"about":[{"href":"http:\/\/jeffersom.com.br\/v21\/wp-json\/wp\/v2\/types\/page"}],"author":[{"embeddable":true,"href":"http:\/\/jeffersom.com.br\/v21\/wp-json\/wp\/v2\/users\/1"}],"replies":[{"embeddable":true,"href":"http:\/\/jeffersom.com.br\/v21\/wp-json\/wp\/v2\/comments?post=5317"}],"version-history":[{"count":3,"href":"http:\/\/jeffersom.com.br\/v21\/wp-json\/wp\/v2\/pages\/5317\/revisions"}],"predecessor-version":[{"id":7424,"href":"http:\/\/jeffersom.com.br\/v21\/wp-json\/wp\/v2\/pages\/5317\/revisions\/7424"}],"wp:attachment":[{"href":"http:\/\/jeffersom.com.br\/v21\/wp-json\/wp\/v2\/media?parent=5317"}],"curies":[{"name":"wp","href":"https:\/\/api.w.org\/{rel}","templated":true}]}}