{"id":6438,"date":"2013-12-11T16:25:04","date_gmt":"2013-12-11T16:25:04","guid":{"rendered":"http:\/\/demo.qodeinteractive.com\/elision\/?page_id=6438"},"modified":"2015-04-12T22:33:15","modified_gmt":"2015-04-12T22:33:15","slug":"lista-estrutura","status":"publish","type":"page","link":"http:\/\/jeffersom.com.br\/v21\/lista-estrutura\/","title":{"rendered":"Estrutura"},"content":{"rendered":"<div  class=\"wpb_row vc_row-fluid\" style=\"text-align:left;\"><section class=\"section  grid_section\" style=' padding-top:98px; padding-bottom:72px;'><div class=\"section_inner clearfix\"><div class='section_inner_margin clearfix'>\n\t<div class=\"vc_span3 wpb_column column_container\">\n\t\t<div class=\"wpb_wrapper\">\n\t\t\t<div  class=\"wpb_row vc_row-fluid  element_from_left\" style=\"text-align:left;\"><div>\n\t<div class=\"vc_span12 wpb_column column_container\">\n\t\t<div class=\"wpb_wrapper\">\n\t\t\t<span class=\"fa-stack q_font_awsome_icon_stack fa-5x pull-center q_icon_animation\" style=\" \"><i class=\"fa fa-circle fa-stack-base fa-stack-2x\" style=\"\"><\/i><i class=\"fa fa-home fa-stack-1x\" style=\"\"><\/i><\/span>\n\t<div class=\"wpb_text_column wpb_content_element \">\n\t\t<div class=\"wpb_wrapper\">\n\t\t\t<h3 style=\"text-align: center;\">Rela\u00e7\u00e3o de equipamentos de<\/h3>\n<h3 style=\"text-align: center;\">Estrutura<\/h3>\n\n\t\t<\/div> \n\t<\/div> \n\t\t<\/div> \n\t<\/div> \n<\/div><\/div>\n\t\t<\/div> \n\t<\/div> \n\n\t<div class=\"vc_span9 wpb_column column_container\">\n\t\t<div class=\"wpb_wrapper\">\n\t\t\t\n\t<div class=\"wpb_raw_code wpb_content_element wpb_raw_html\">\n\t\t<div class=\"wpb_wrapper\">\n\t\t\t\n<head>\n<style>\n<!--\n p.MsoNormal\n\t{mso-style-parent:\"\";\n\tmargin-bottom:.0001pt;\n\tfont-size:12.0pt;\n\tfont-family:\"Times New Roman\";\n\tmargin-left:0cm; margin-right:0cm; margin-top:0cm}\n-->\n<\/style>\n<\/head>\n\n<p class=\"MsoNormal\">30 disciplinadores de 2mt x 1 mts.<\/p>\n<p class=\"MsoNormal\">20 banheiros qu\u00edmicos<\/p>\n<p class=\"MsoNormal\">04 geradores de energia de 180 kwa stemack cabinado .<\/p>\n<p class=\"MsoNormal\">04 tribunas em acr\u00edlico<\/p>\n<p class=\"MsoNormal\">40 pedestal de banner.<\/p>\n<p class=\"MsoNormal\">96 plataformas telesc\u00f3pica feeling 2,00mts x 1.00 mts. <\/p>\n<p class=\"MsoNormal\">25 plataformas telesc\u00f3pica feeling 2,00mts x 0,50 mts.<\/p>\n<p class=\"MsoNormal\">19 plataformas telesc\u00f3pica feeling 1,00mts x 0,5 mts.<\/p>\n<p class=\"MsoNormal\">12 guardacorpo de 2,00mts feeling<\/p>\n<p class=\"MsoNormal\">06 guarda corpo de 1,00mts&nbsp; feeling<\/p>\n<p class=\"MsoNormal\">02 escada de 7 degraus de 0,80mts a 1,40mts feeling<\/p>\n<p class=\"MsoNormal\">04 torre de estrutura de alum\u00ednio linha pesada P50 de 1,0 \nmts <\/p>\n<p class=\"MsoNormal\">04 torre de estrutura de alum\u00ednio linha pesada P50 de 2,0 \nmts <\/p>\n<p class=\"MsoNormal\">08 torre de estrutura de alum\u00ednio linha pesada P50 de 3,0 \nmts <\/p>\n<p class=\"MsoNormal\">16 torre de estrutura de alum\u00ednio linha pesada P50 de 4,0 \nmts <\/p>\n<p class=\"MsoNormal\">16 adaptadores de P30 para P50. <\/p>\n<p class=\"MsoNormal\">31 torre de estrutura de alum\u00ednio linha pesada P30 de 0,5 \nmts &nbsp;&nbsp;<\/p>\n<p class=\"MsoNormal\">31 torre de estrutura de alum\u00ednio linha pesada P30 de 1,0 \nmts <\/p>\n<p class=\"MsoNormal\">30 torre de estrutura de alum\u00ednio linha pesada P30 de 2,0 \nmts <\/p>\n<p class=\"MsoNormal\">31 torre de estrutura de alum\u00ednio linha pesada P30 de 3,0 \nmts <\/p>\n<p class=\"MsoNormal\">30 torre de estrutura de alum\u00ednio linha pesada P30 de 4,0 \nmts <\/p>\n<p class=\"MsoNormal\">30 torre de estrutura de alum\u00ednio linha pesada P30 de 5,0 \nmts <\/p>\n<p class=\"MsoNormal\">36 base redonda de estrutura de alum\u00ednio linha pesada P30.&nbsp;\n<\/p>\n<p class=\"MsoNormal\">43 cubos de estrutura de alum\u00ednio de 6 faces linha pesada \nP30. + <\/p>\n<p class=\"MsoNormal\">16 talhas de 1 tonelada e corrente de 10 mts. ( 01 \nmanuten\u00e7ao )<\/p>\n<p class=\"MsoNormal\">19 cintas de cargas com anilhas + 08 sem anilha&nbsp;&nbsp; +&nbsp; (11 \ncom a maralux )<\/p>\n<p class=\"MsoNormal\">16 slleve linha pesada P30.<\/p>\n<p class=\"MsoNormal\">16 pau de carga de linha pesada P30.<\/p>\n<p class=\"MsoNormal\">12 cubos de 45 graus linha pesada P30.<\/p>\n<p class=\"MsoNormal\">08 dobradi\u00e7a de linha pesada P30.<\/p>\n<p class=\"MsoNormal\">06 cumieiras linha pesada P30<\/p>\n<p class=\"MsoNormal\">01 estrutura redonda de Box P30 de 4,00mts de di\u00e2metro.<\/p>\n<p class=\"MsoNormal\">12 m\u00e3os francesa.<\/p>\n<p class=\"MsoNormal\">20 alumalok<\/p>\n<p class=\"MsoNormal\">07 parafusadeiras<\/p>\n<p class=\"MsoNormal\">07 chave de catraca<\/p>\n<p class=\"MsoNormal\">03 escadas pequenas para pratic\u00e1veis<\/p>\n<p class=\"MsoNormal\">02 escda de alum\u00ednio felling de 09 degraus<\/p>\n<p class=\"MsoNormal\">15 talhas de 1 tonelada.<\/p>\n<p class=\"MsoNormal\">60 algemas duplo<\/p>\n<p class=\"MsoNormal\">19 algemas simples<\/p>\n<p class=\"MsoNormal\">32 grepos<\/p>\n\n\t\t<\/div> \n\t<\/div> \n\t\t<\/div> \n\t<\/div> \n<\/div><\/div><\/section><\/div>\n","protected":false},"excerpt":{"rendered":"Rela\u00e7\u00e3o de equipamentos de Estrutura 30 disciplinadores de 2mt x 1 mts. 20 banheiros qu\u00edmicos 04 geradores de energia de 180 kwa stemack cabinado . 04 tribunas em acr\u00edlico 40 pedestal de banner. 96 plataformas telesc\u00f3pica feeling 2,00mts x 1.00 mts. 25 plataformas telesc\u00f3pica feeling...","protected":false},"author":1,"featured_media":0,"parent":0,"menu_order":0,"comment_status":"open","ping_status":"open","template":"full_width.php","meta":{"footnotes":""},"class_list":["post-6438","page","type-page","status-publish","hentry"],"_links":{"self":[{"href":"http:\/\/jeffersom.com.br\/v21\/wp-json\/wp\/v2\/pages\/6438","targetHints":{"allow":["GET"]}}],"collection":[{"href":"http:\/\/jeffersom.com.br\/v21\/wp-json\/wp\/v2\/pages"}],"about":[{"href":"http:\/\/jeffersom.com.br\/v21\/wp-json\/wp\/v2\/types\/page"}],"author":[{"embeddable":true,"href":"http:\/\/jeffersom.com.br\/v21\/wp-json\/wp\/v2\/users\/1"}],"replies":[{"embeddable":true,"href":"http:\/\/jeffersom.com.br\/v21\/wp-json\/wp\/v2\/comments?post=6438"}],"version-history":[{"count":3,"href":"http:\/\/jeffersom.com.br\/v21\/wp-json\/wp\/v2\/pages\/6438\/revisions"}],"predecessor-version":[{"id":7420,"href":"http:\/\/jeffersom.com.br\/v21\/wp-json\/wp\/v2\/pages\/6438\/revisions\/7420"}],"wp:attachment":[{"href":"http:\/\/jeffersom.com.br\/v21\/wp-json\/wp\/v2\/media?parent=6438"}],"curies":[{"name":"wp","href":"https:\/\/api.w.org\/{rel}","templated":true}]}}