{"id":6979,"date":"2013-12-17T09:47:33","date_gmt":"2013-12-17T09:47:33","guid":{"rendered":"http:\/\/demo.qodeinteractive.com\/elision\/?page_id=6979"},"modified":"2015-04-12T20:58:57","modified_gmt":"2015-04-12T20:58:57","slug":"apresentacao","status":"publish","type":"page","link":"http:\/\/jeffersom.com.br\/v21\/apresentacao\/","title":{"rendered":"Apresenta\u00e7\u00e3o"},"content":{"rendered":"<div  class=\"wpb_row vc_row-fluid\" style=\"text-align:left;\"><section class=\"section  grid_section\" style='background-color:#171717; padding-top:80px; padding-bottom:90px;'><div class=\"section_inner clearfix\"><div class='section_inner_margin clearfix'>\n\t<div class=\"vc_span12 wpb_column column_container\">\n\t\t<div class=\"wpb_wrapper\">\n\t\t\t<div  class=\"wpb_row vc_row-fluid\" style=\"text-align:left;\">\n\t<div class=\"vc_span6 wpb_column column_container\">\n\t\t<div class=\"wpb_wrapper\">\n\t\t\t\n\t<div class=\"wpb_text_column wpb_content_element \">\n\t\t<div class=\"wpb_wrapper\">\n\t\t\t<h3><span style=\"color: #ffffff;\">Quem somos n\u00f3s<br \/>\n<\/span><\/h3>\n\n\t\t<\/div> \n\t<\/div> <div class=\"separator  transparent center  \" style=\"margin-top:12px;margin-bottom:12px;\"><\/div>\n\n\t<div class=\"wpb_text_column wpb_content_element \">\n\t\t<div class=\"wpb_wrapper\">\n\t\t\t<p><!--StyleSheet Link--><\/p>\n<p align=\"justify\"><span style=\"font-family: Verdana; font-size: large;\"><b>O<\/b><\/span><span style=\"font-family: Verdana; font-size: small;\"> mundo hoje se comunica na velocidade da luz.<\/span><\/p>\n<p>Em segundos voc\u00ea precisa montar um evento, e a\u00ed?<\/p>\n<p>Quem pode garantir a rapidez e a excel\u00eancia que voc\u00ea procura?<\/p>\n<p>Com uma vasta experi\u00eancia no mercado oferecemos servi\u00e7os de alta tecnologia e consultoria especializada, fazendo de seu evento um grande acontecimento, utilizamos material de primeira linha, nossa equipe de profissionais est\u00e1 capacitada para garantir o sucesso do seu evento com um suporte t\u00e9cnico diferenciado.<\/p>\n<p>Prestamos servi\u00e7o de sonoriza\u00e7\u00e3o, ilumina\u00e7\u00e3o (efeitos), proje\u00e7\u00e3o de v\u00eddeo (datashow) e est\u00fadio de grava\u00e7\u00e3o de \u00e1udio. para congressos, semin\u00e1rios, feiras, shows, desfiles, abertura de jogos, lan\u00e7amentos de produtos e marcas, eventos sociais como anivers\u00e1rios, casamentos, cola\u00e7\u00e3o, 15 anos&#8230;<\/p>\n<p>Nossa empresa vem atuando no mercado h\u00e1 15 anos com uma ampla gama de clientes.<\/p>\n<p>Conhe\u00e7a os nossos diversos pacotes promocionais e as facilidades de pagamento que oferecemos para nossos clientes<b>.<\/b><\/p>\n\n\t\t<\/div> \n\t<\/div> <div class=\"separator  transparent center  \" style=\"margin-top:15px;margin-bottom:15px;\"><\/div>\n<a href=\"\" target=\"_self\" class=\"qbutton  tiny\" style=\"\">Marque uma visita<i class=\"fa fa-angle-right fa-lg\" style=\"\"><\/i><\/a>\n\t\t<\/div> \n\t<\/div> \n\n\t<div class=\"vc_span6 wpb_column column_container\">\n\t\t<div class=\"wpb_wrapper\">\n\t\t\t<div class=\"separator  transparent center  \" style=\"margin-top:3px;margin-bottom:4px;\"><\/div>\n\n\t<div class=\"wpb_single_image wpb_content_element wpb_animate_when_almost_visible wpb_right-to-left vc_align_center\">\n\t\t<div class=\"wpb_wrapper\">\n\t\t\t\n\t\t\t<img loading=\"lazy\" decoding=\"async\" width=\"200\" height=\"265\" src=\"http:\/\/jeffersom.com.br\/v21\/wp-content\/uploads\/2013\/12\/logo-branca-fundo.png\" class=\" vc_box_border_grey attachment-full\" alt=\"\" \/>\n\t\t<\/div> \n\t<\/div> \n\t\t<\/div> \n\t<\/div> \n<\/div>\n\t\t<\/div> \n\t<\/div> \n<\/div><\/div><\/section><\/div>\n","protected":false},"excerpt":{"rendered":"Quem somos n\u00f3s O mundo hoje se comunica na velocidade da luz. Em segundos voc\u00ea precisa montar um evento, e a\u00ed? Quem pode garantir a rapidez e a excel\u00eancia que voc\u00ea procura? Com uma vasta experi\u00eancia no mercado oferecemos servi\u00e7os de alta tecnologia e consultoria...","protected":false},"author":1,"featured_media":0,"parent":0,"menu_order":0,"comment_status":"closed","ping_status":"closed","template":"full_width.php","meta":{"footnotes":""},"class_list":["post-6979","page","type-page","status-publish","hentry"],"_links":{"self":[{"href":"http:\/\/jeffersom.com.br\/v21\/wp-json\/wp\/v2\/pages\/6979","targetHints":{"allow":["GET"]}}],"collection":[{"href":"http:\/\/jeffersom.com.br\/v21\/wp-json\/wp\/v2\/pages"}],"about":[{"href":"http:\/\/jeffersom.com.br\/v21\/wp-json\/wp\/v2\/types\/page"}],"author":[{"embeddable":true,"href":"http:\/\/jeffersom.com.br\/v21\/wp-json\/wp\/v2\/users\/1"}],"replies":[{"embeddable":true,"href":"http:\/\/jeffersom.com.br\/v21\/wp-json\/wp\/v2\/comments?post=6979"}],"version-history":[{"count":6,"href":"http:\/\/jeffersom.com.br\/v21\/wp-json\/wp\/v2\/pages\/6979\/revisions"}],"predecessor-version":[{"id":7378,"href":"http:\/\/jeffersom.com.br\/v21\/wp-json\/wp\/v2\/pages\/6979\/revisions\/7378"}],"wp:attachment":[{"href":"http:\/\/jeffersom.com.br\/v21\/wp-json\/wp\/v2\/media?parent=6979"}],"curies":[{"name":"wp","href":"https:\/\/api.w.org\/{rel}","templated":true}]}}