{"id":7004,"date":"2013-12-17T11:26:35","date_gmt":"2013-12-17T11:26:35","guid":{"rendered":"http:\/\/demo.qodeinteractive.com\/elision\/?page_id=7004"},"modified":"2015-04-12T22:22:43","modified_gmt":"2015-04-12T22:22:43","slug":"lista-iluminacao","status":"publish","type":"page","link":"http:\/\/jeffersom.com.br\/v21\/lista-iluminacao\/","title":{"rendered":"Ilumina\u00e7\u00e3o"},"content":{"rendered":"<div  data-q_id=\"#about_about\" class=\"wpb_row vc_row-fluid\" style=\"text-align:left;\"><section class=\"section  grid_section\" style='background-color:#ffffff; padding-top:67px; padding-bottom:110px;'><div class=\"section_inner clearfix\"><div class='section_inner_margin clearfix'>\n\t<div class=\"vc_span12 wpb_column column_container\">\n\t\t<div class=\"wpb_wrapper\">\n\t\t\t<div  class=\"wpb_row vc_row-fluid\" style=\"text-align:left;\">\n\t<div class=\"vc_span3 wpb_column column_container\">\n\t\t<div class=\"wpb_wrapper\">\n\t\t\t<span class=\"fa-stack q_font_awsome_icon_stack fa-5x pull-center q_icon_animation\" style=\" \"><i class=\"fa fa-circle fa-stack-base fa-stack-2x\" style=\"\"><\/i><i class=\"fa fa-lightbulb-o fa-stack-1x\" style=\"\"><\/i><\/span>\n\t<div class=\"wpb_text_column wpb_content_element \">\n\t\t<div class=\"wpb_wrapper\">\n\t\t\t<h3 style=\"text-align: center;\">Rela\u00e7\u00e3o de equipamentos de<\/h3>\n<h3 style=\"text-align: center;\">Ilumina\u00e7\u00e3o<\/h3>\n\n\t\t<\/div> \n\t<\/div> <div class=\"separator  transparent center  \" style=\"margin-top:12px;margin-bottom:12px;\"><\/div>\n<div class=\"separator  transparent center  \" style=\"margin-top:12px;margin-bottom:12px;\"><\/div>\n\n\t\t<\/div> \n\t<\/div> \n\n\t<div class=\"vc_span9 wpb_column column_container\">\n\t\t<div class=\"wpb_wrapper\">\n\t\t\t\n\t<div class=\"wpb_raw_code wpb_content_element wpb_raw_html\">\n\t\t<div class=\"wpb_wrapper\">\n\t\t\t<p class=\"MsoNormal\"><b>MOVING HEADS, CANH\u00c3O E ELIPOISIDAL<\/b><\/p>\n<p class=\"MsoNormal\"><span lang=\"EN-US\">24 moving head SGM GIOTTO 400 SPOT.<\/span><\/p>\n<p class=\"MsoNormal\"><span lang=\"EN-US\">32 moving head Beam 230w- 5R.<\/span><\/p>\n<p class=\"MsoNormal\"><span lang=\"EN-US\">16 moving de led 108 3w WASH NEC.<\/span><\/p>\n<p class=\"MsoNormal\"><span lang=\"EN-US\">10 moving head PR LIGHTING SOLON 575P \nSPOT. <\/span><\/p>\n<p class=\"MsoNormal\"><span lang=\"EN-US\">06 moving head PR LIGHTING PILOT 575 \nWASH.<\/span><\/p>\n<p class=\"MsoNormal\"><span lang=\"EN-US\">08 moving head excel BEAM 700.<\/span><\/p>\n<p class=\"MsoNormal\"><span lang=\"EN-US\">02 canhao seguidores are light 1200\n<\/span><\/p>\n<p class=\"MsoNormal\"><span lang=\"EN-US\">02 canhao seguidores dts 1500<\/span><\/p>\n<p class=\"MsoNormal\"><span lang=\"EN-US\">08 elipisoidal 575 w<\/span><\/p>\n<p class=\"MsoNormal\"><span lang=\"EN-US\">12 elipsoidal 750 w<\/span><\/p>\n<p class=\"MsoNormal\"><span lang=\"EN-US\">11 fresnel&nbsp; de 500w<\/span><\/p>\n<p class=\"MsoNormal\">06 plano convexo PC de 500w<\/p>\n<p class=\"MsoNormal\"><b>MESAS E RACKS DE ILUMINA\u00c7\u00c3O<\/b><\/p>\n<p class=\"MsoNormal\">04 mesa dmx regia &nbsp;(cover avolit perola)<\/p>\n<p class=\"MsoNormal\">05 mesa dmx pilot 2000 star <\/p>\n<p class=\"MsoNormal\">01 mesa mpl 24 canais anal\u00f3gica<\/p>\n<p class=\"MsoNormal\">03 main Power mpl com chave reversora com 2 dimmer 1 modulo \ndijuntor e 1 spliter.<\/p>\n<p class=\"MsoNormal\">04 mini main Power mpl&nbsp; com 1 dimmer 1 modulo dijuntor e 1 \nspliter.<\/p>\n<p class=\"MsoNormal\">01 racks mpl de 12 canais digital <\/p>\n<p class=\"MsoNormal\">04 modulos de dijuntor de 12 canais mpl<\/p>\n<p class=\"MsoNormal\">04 spliter DTS de 4 entadas e 16 saidas .<\/p>\n<p class=\"MsoNormal\">02 spliter mpl de 8 canais. <\/p>\n<p class=\"MsoNormal\"><span lang=\"EN-US\">05 ac de main power<\/span><\/p>\n<p class=\"MsoNormal\"><span lang=\"EN-US\">04 ac de mini main power<\/span><\/p>\n<p class=\"MsoNormal\">01 intercom (04 fones + 03 receptor )<\/p>\n<p class=\"MsoNormal\">01 intercom 05 pontos.<\/p>\n<p class=\"MsoNormal\"><b>STROBOS, LASER , LEDS E MAQUINA DE FUMA\u00c7A<\/b><\/p>\n<p class=\"MsoNormal\">15 strobo atomic 3000w&nbsp; <\/p>\n<p class=\"MsoNormal\">02 strobo star de 1500w&nbsp; <\/p>\n<p class=\"MsoNormal\">01 strobo tec port de 1500w<\/p>\n<p class=\"MsoNormal\">18 ribaltas de led RGBWA de 3w new led. <\/p>\n<p class=\"MsoNormal\"><span lang=\"EN-US\">04 city color de led.<\/span><\/p>\n<p class=\"MsoNormal\"><span lang=\"EN-US\">74 refletores &nbsp;de led &nbsp;3w souce for<\/span><\/p>\n<p class=\"MsoNormal\">08 refletores de led de 3w sorce for com zoom.<\/p>\n<p class=\"MsoNormal\">02 cortinas prateada franzidas de 8mts x 4,00 mts cada<\/p>\n<p class=\"MsoNormal\">01 laser verde&nbsp; a-h 5040-g<\/p>\n<p class=\"MsoNormal\">01 laser ah-5040 verde<\/p>\n<p class=\"MsoNormal\"><span lang=\"EN-US\">04 laser ah-5019-2.<\/span><\/p>\n<p class=\"MsoNormal\"><span lang=\"EN-US\">02 laser big dipper color <\/span><\/p>\n<p class=\"MsoNormal\">01 laser tipo piso v\u00e1rios feixes de 1w (piso laser).<\/p>\n<p class=\"MsoNormal\">05 meia bola de led&nbsp; <\/p>\n<p class=\"MsoNormal\">04 sot light ah rgbw-7 de led <\/p>\n<p class=\"MsoNormal\">04 strobo de led de 50w ah 68<\/p>\n<p class=\"MsoNormal\">04 strobo de led 30w ah 66<\/p>\n<p class=\"MsoNormal\"><span lang=\"EN-US\">02 laser AH 5001<\/span><\/p>\n<p class=\"MsoNormal\"><span lang=\"EN-US\">04 scan led de 08 bocas ah 7010<\/span><\/p>\n<p class=\"MsoNormal\">08 m\u00e1quinas de FUMA\u00c7A COLORIDA de led AH-108.<\/p>\n<p class=\"MsoNormal\">02 maquina de fuma\u00e7a star dmx<\/p>\n<p class=\"MsoNormal\">04 maquina de fuma\u00e7a star.<\/p>\n<p class=\"MsoNormal\">05 maquina d fuma\u00e7a fz 1500 tec por.<\/p>\n<p class=\"MsoNormal\">06 maquina de fuma\u00e7a machine 900w<\/p>\n<p class=\"MsoNormal\">06 maquina de fuma\u00e7a machine dmx<\/p>\n<p class=\"MsoNormal\"><b>REFLETORES<\/b><\/p>\n<p class=\"MsoNormal\">102 refltores par 64 foco 5 aluminio<\/p>\n<p class=\"MsoNormal\">72 refltores par 64 foco 1 aluminio<\/p>\n<p class=\"MsoNormal\">78 refltores par 64 foco 2 aluminio <\/p>\n<p class=\"MsoNormal\">16 locolights alum\u00ednio<\/p>\n<p class=\"MsoNormal\">40 refletores acl aluminio<\/p>\n<p class=\"MsoNormal\">14 minibrutes de 06 lampadas preto.&nbsp; <\/p>\n<p class=\"MsoNormal\">12 minibrutes de 02 lampadas preto.<\/p>\n<p class=\"MsoNormal\">94 refletor pimbim de alum\u00ednio<\/p>\n<p class=\"MsoNormal\">08 refletores pimbim preto<\/p>\n<p class=\"MsoNormal\"><span lang=\"EN-US\">32 set light pequeno inox<\/span><\/p>\n<p class=\"MsoNormal\"><span lang=\"EN-US\">04 set light grande inox<\/span><\/p>\n<p class=\"MsoNormal\">33 holofote hqi de 400w. (branco verde e azul)<\/p>\n<p class=\"MsoNormal\">150 refletores par 38 aluminio.<\/p>\n<p class=\"MsoNormal\"><b>EFEITOS ESPECIAIS<\/b><\/p>\n<p class=\"MsoNormal\">22 placas de led rgb 1mt x 1 mt formando pista de lede de \n5m x 5m. <\/p>\n<p class=\"MsoNormal\">25 praticaveis de vidrocom&nbsp; led rgb 2mt x 1 mt . <\/p>\n<p class=\"MsoNormal\">50 praticaveis de vidro de 1mts x 1 mts com luz branca. <\/p>\n<p class=\"MsoNormal\">02 sky Walker de 2500w&nbsp; <\/p>\n<p class=\"MsoNormal\">04 sky paper (maquina de papel)<\/p>\n<p class=\"MsoNormal\">02 maquina de papel a g\u00e1s<\/p>\n<p class=\"MsoNormal\">03 maquina de neve&nbsp; ( 01 manuten\u00e7ao )<\/p>\n<p class=\"MsoNormal\">01 maquina de bolha de sab\u00e3o<\/p>\n<p class=\"MsoNormal\">01 maquina de gelo seco<\/p>\n<p class=\"MsoNormal\">02 globo espelhado<\/p>\n<p class=\"MsoNormal\">01 mesas de disparo de fogos in door<\/p>\n\n\t\t<\/div> \n\t<\/div> <div class=\"separator  transparent center  \" style=\"margin-top:3px;margin-bottom:4px;\"><\/div>\n<div class=\"separator  transparent center  \" style=\"margin-top:3px;margin-bottom:4px;\"><\/div>\n\n\t\t<\/div> \n\t<\/div> \n<\/div>\n\t\t<\/div> \n\t<\/div> \n<\/div><\/div><\/section><\/div>\n","protected":false},"excerpt":{"rendered":"Rela\u00e7\u00e3o de equipamentos de Ilumina\u00e7\u00e3o MOVING HEADS, CANH\u00c3O E ELIPOISIDAL 24 moving head SGM GIOTTO 400 SPOT. 32 moving head Beam 230w- 5R. 16 moving de led 108 3w WASH NEC. 10 moving head PR LIGHTING SOLON 575P SPOT. 06 moving head PR LIGHTING PILOT...","protected":false},"author":1,"featured_media":0,"parent":0,"menu_order":0,"comment_status":"open","ping_status":"open","template":"full_width.php","meta":{"footnotes":""},"class_list":["post-7004","page","type-page","status-publish","hentry"],"_links":{"self":[{"href":"http:\/\/jeffersom.com.br\/v21\/wp-json\/wp\/v2\/pages\/7004","targetHints":{"allow":["GET"]}}],"collection":[{"href":"http:\/\/jeffersom.com.br\/v21\/wp-json\/wp\/v2\/pages"}],"about":[{"href":"http:\/\/jeffersom.com.br\/v21\/wp-json\/wp\/v2\/types\/page"}],"author":[{"embeddable":true,"href":"http:\/\/jeffersom.com.br\/v21\/wp-json\/wp\/v2\/users\/1"}],"replies":[{"embeddable":true,"href":"http:\/\/jeffersom.com.br\/v21\/wp-json\/wp\/v2\/comments?post=7004"}],"version-history":[{"count":6,"href":"http:\/\/jeffersom.com.br\/v21\/wp-json\/wp\/v2\/pages\/7004\/revisions"}],"predecessor-version":[{"id":7416,"href":"http:\/\/jeffersom.com.br\/v21\/wp-json\/wp\/v2\/pages\/7004\/revisions\/7416"}],"wp:attachment":[{"href":"http:\/\/jeffersom.com.br\/v21\/wp-json\/wp\/v2\/media?parent=7004"}],"curies":[{"name":"wp","href":"https:\/\/api.w.org\/{rel}","templated":true}]}}